{"id":10,"date":"2021-04-30T16:10:00","date_gmt":"2021-04-30T16:10:00","guid":{"rendered":"http:\/\/www.kyminapupyora.fi\/pyorakorjaamo\/?page_id=10"},"modified":"2025-09-07T13:10:36","modified_gmt":"2025-09-07T10:10:36","slug":"etusivu","status":"publish","type":"page","link":"https:\/\/www.kyminapupyora.fi\/pyorakorjaamo\/","title":{"rendered":"Etusivu"},"content":{"rendered":"\n<p>Polkupy\u00f6r\u00e4korjaamo jossa huolletaan niin s\u00e4hk\u00f6py\u00f6ri\u00e4 kuin vaihteettomia peruspy\u00f6ri\u00e4.<\/p>\n\n\n\n<p>Seuraavien s\u00e4hk\u00f6py\u00f6rien moottoreiden luku:<\/p>\n\n\n\n<ul class=\"wp-block-list\">\n<li>Bafang<\/li>\n\n\n\n<li>Shimano<\/li>\n\n\n\n<li>Brose<\/li>\n<\/ul>\n\n\n\n<p>Koska py\u00f6rien korjaaminen ei ole p\u00e4\u00e4toimista niin ota ensin yhteytt\u00e4, jotta voidaan sopia py\u00f6r\u00e4n tuonnit ja noudot.<\/p>\n\n\n\n<p><\/p>\n\n\n\n<div class=\"wp-block-buttons is-layout-flex wp-block-buttons-is-layout-flex\">\n<div class=\"wp-block-button is-style-circular\"><a class=\"wp-block-button__link wp-element-button\" href=\"https:\/\/www.kyminapupyora.fi\/pyorakorjaamo\/?page_id=30\">Yhteystiedot<\/a><\/div>\n<\/div>\n\n\n\n<p><\/p>\n\n\n\n<div class=\"wp-block-buttons is-layout-flex wp-block-buttons-is-layout-flex\">\n<div class=\"wp-block-button is-style-circular\"><a class=\"wp-block-button__link wp-element-button\" href=\"https:\/\/docs.google.com\/document\/d\/e\/2PACX-1vTd3ANAKEdvBKNAlDVSd60rQS1vPNC85P5KQvi-2v8_0VfpF69wRBDC-svLv1esbBkl4P5IaFcLtTwZ\/pub\" target=\"_blank\" rel=\"noreferrer noopener\">Mit\u00e4 maksaa?<\/a><\/div>\n<\/div>\n\n\n\n<p><\/p>\n\n\n\n<figure class=\"wp-block-image size-full is-resized\"><img loading=\"lazy\" decoding=\"async\" src=\"https:\/\/www.kyminapupyora.fi\/pyorakorjaamo\/wp-content\/uploads\/2024\/02\/2024-02-14-18_30_40-sahkopyorakeskus-logo-\u2013-Google-haku.png\" alt=\"\" class=\"wp-image-100\" width=\"123\" height=\"104\" srcset=\"https:\/\/www.kyminapupyora.fi\/pyorakorjaamo\/wp-content\/uploads\/2024\/02\/2024-02-14-18_30_40-sahkopyorakeskus-logo-\u2013-Google-haku.png 304w, https:\/\/www.kyminapupyora.fi\/pyorakorjaamo\/wp-content\/uploads\/2024\/02\/2024-02-14-18_30_40-sahkopyorakeskus-logo-\u2013-Google-haku-300x255.png 300w\" sizes=\"auto, (max-width: 123px) 100vw, 123px\" \/><figcaption class=\"wp-element-caption\">Yhteisty\u00f6ss\u00e4 <a href=\"https:\/\/sahkopyorakeskus.fi\/\">S\u00e4hk\u00f6py\u00f6r\u00e4keskus<\/a><\/figcaption><\/figure>\n\n\n\n<p><\/p>\n\n\n\n<div class=\"wp-block-columns is-layout-flex wp-container-core-columns-is-layout-9d6595d7 wp-block-columns-is-layout-flex\">\n<div class=\"wp-block-column is-layout-flow wp-block-column-is-layout-flow\" style=\"flex-basis:100%\"><\/div>\n<\/div>\n\n\n\n<p>Facebookin sivumme<\/p>\n\n\n<div class=\"wp-block-coblocks-social wp-block-coblocks-social-profiles is-style-mask has-colors\" ><ul><li>\n\t\t\t\t\t<a href=\"https:\/\/www.facebook.com\/kyminapupyora\" class=\"wp-block-button__link wp-block-coblocks-social__button wp-block-coblocks-social__button--facebook     has-padding\" title=\"Facebook-\" style=\"border-radius: 40px;\" >\n\t\t\t\t\t\t<span class=\"wp-block-coblocks-social__icon\" style=\"height:22px;width: 22px;\"><\/span>\n\t\t\t\t\t\t<span class=\"wp-block-coblocks-social__text\">Facebook-<\/span>\n\t\t\t\t\t<\/a>\n\t\t\t\t<\/li><\/ul><\/div>\n\n\n<p>Olemme mukana Suomitalkoissa, jolla tuetaan pienyrityksi\u00e4 ja tuodaan niit\u00e4 esille.<\/p>\n\n\n\n<p><\/p>\n\n\n\n<figure class=\"wp-block-image size-large is-resized\"><img loading=\"lazy\" decoding=\"async\" src=\"https:\/\/www.kyminapupyora.fi\/pyorakorjaamo\/wp-content\/uploads\/2021\/06\/suomitalkoot-osallistujatunnus-digitaalinen-taustalla-jpg.jpg\" alt=\"\" class=\"wp-image-69\" width=\"215\" height=\"215\" srcset=\"https:\/\/www.kyminapupyora.fi\/pyorakorjaamo\/wp-content\/uploads\/2021\/06\/suomitalkoot-osallistujatunnus-digitaalinen-taustalla-jpg.jpg 541w, https:\/\/www.kyminapupyora.fi\/pyorakorjaamo\/wp-content\/uploads\/2021\/06\/suomitalkoot-osallistujatunnus-digitaalinen-taustalla-jpg-300x300.jpg 300w, https:\/\/www.kyminapupyora.fi\/pyorakorjaamo\/wp-content\/uploads\/2021\/06\/suomitalkoot-osallistujatunnus-digitaalinen-taustalla-jpg-150x150.jpg 150w\" sizes=\"auto, (max-width: 215px) 100vw, 215px\" \/><\/figure>\n","protected":false},"excerpt":{"rendered":"<p>Polkupy\u00f6r\u00e4korjaamo jossa huolletaan niin s\u00e4hk\u00f6py\u00f6ri\u00e4 kuin vaihteettomia peruspy\u00f6ri\u00e4. Seuraavien s\u00e4hk\u00f6py\u00f6rien moottoreiden luku: Koska py\u00f6rien korjaaminen ei ole p\u00e4\u00e4toimista niin ota ensin yhteytt\u00e4, jotta voidaan sopia py\u00f6r\u00e4n tuonnit ja noudot. Facebookin sivumme Olemme mukana Suomitalkoissa, jolla tuetaan pienyrityksi\u00e4 ja tuodaan niit\u00e4 esille.<\/p>\n","protected":false},"author":1,"featured_media":85,"parent":0,"menu_order":0,"comment_status":"closed","ping_status":"closed","template":"","meta":{"_coblocks_attr":"","_coblocks_dimensions":"","_coblocks_responsive_height":"","_coblocks_accordion_ie_support":"","hide_page_title":"enabled","footnotes":""},"class_list":["post-10","page","type-page","status-publish","has-post-thumbnail","hentry"],"yoast_head":"<!-- This site is optimized with the Yoast SEO plugin v19.14 - https:\/\/yoast.com\/wordpress\/plugins\/seo\/ -->\n<title>Etusivu - Kymin Apupy\u00f6r\u00e4<\/title>\n<meta name=\"description\" content=\"Py\u00f6r\u00e4ily on kivaa sellaisella v\u00e4lineell\u00e4 joka toimii kuten se on suunniteltukin. Py\u00f6r\u00e4\u00e4 on hyv\u00e4 huollattaa kuten muitakin menopelej\u00e4, s\u00e4\u00e4nn\u00f6llisesti. py\u00f6r\u00e4korjaamo ja py\u00f6r\u00e4huolto Kotkassa, Kymiss\u00e4 palvelee iltaisin ja viikonloppuisin.\" \/>\n<meta name=\"robots\" content=\"index, follow, max-snippet:-1, max-image-preview:large, max-video-preview:-1\" \/>\n<link rel=\"canonical\" href=\"https:\/\/www.kyminapupyora.fi\/pyorakorjaamo\/\" \/>\n<meta property=\"og:locale\" content=\"fi_FI\" \/>\n<meta property=\"og:type\" content=\"article\" \/>\n<meta property=\"og:title\" content=\"Etusivu - Kymin Apupy\u00f6r\u00e4\" \/>\n<meta property=\"og:description\" content=\"Py\u00f6r\u00e4ily on kivaa sellaisella v\u00e4lineell\u00e4 joka toimii kuten se on suunniteltukin. Py\u00f6r\u00e4\u00e4 on hyv\u00e4 huollattaa kuten muitakin menopelej\u00e4, s\u00e4\u00e4nn\u00f6llisesti. py\u00f6r\u00e4korjaamo ja py\u00f6r\u00e4huolto Kotkassa, Kymiss\u00e4 palvelee iltaisin ja viikonloppuisin.\" \/>\n<meta property=\"og:url\" content=\"https:\/\/www.kyminapupyora.fi\/pyorakorjaamo\/\" \/>\n<meta property=\"og:site_name\" content=\"Kymin Apupy&ouml;r&auml;\" \/>\n<meta property=\"article:modified_time\" content=\"2025-09-07T10:10:36+00:00\" \/>\n<meta property=\"og:image\" content=\"https:\/\/www.kyminapupyora.fi\/pyorakorjaamo\/wp-content\/uploads\/2023\/02\/Kymin-Apupyora.png\" \/>\n\t<meta property=\"og:image:width\" content=\"1824\" \/>\n\t<meta property=\"og:image:height\" content=\"675\" \/>\n\t<meta property=\"og:image:type\" content=\"image\/png\" \/>\n<meta name=\"twitter:card\" content=\"summary_large_image\" \/>\n<meta name=\"twitter:label1\" content=\"Arvioitu lukuaika\" \/>\n\t<meta name=\"twitter:data1\" content=\"1 minuutti\" \/>\n<script type=\"application\/ld+json\" class=\"yoast-schema-graph\">{\"@context\":\"https:\/\/schema.org\",\"@graph\":[{\"@type\":\"WebPage\",\"@id\":\"https:\/\/www.kyminapupyora.fi\/pyorakorjaamo\/\",\"url\":\"https:\/\/www.kyminapupyora.fi\/pyorakorjaamo\/\",\"name\":\"Etusivu - Kymin Apupy\u00f6r\u00e4\",\"isPartOf\":{\"@id\":\"https:\/\/www.kyminapupyora.fi\/pyorakorjaamo\/#website\"},\"datePublished\":\"2021-04-30T16:10:00+00:00\",\"dateModified\":\"2025-09-07T10:10:36+00:00\",\"description\":\"Py\u00f6r\u00e4ily on kivaa sellaisella v\u00e4lineell\u00e4 joka toimii kuten se on suunniteltukin. Py\u00f6r\u00e4\u00e4 on hyv\u00e4 huollattaa kuten muitakin menopelej\u00e4, s\u00e4\u00e4nn\u00f6llisesti. py\u00f6r\u00e4korjaamo ja py\u00f6r\u00e4huolto Kotkassa, Kymiss\u00e4 palvelee iltaisin ja viikonloppuisin.\",\"breadcrumb\":{\"@id\":\"https:\/\/www.kyminapupyora.fi\/pyorakorjaamo\/#breadcrumb\"},\"inLanguage\":\"fi\",\"potentialAction\":[{\"@type\":\"ReadAction\",\"target\":[\"https:\/\/www.kyminapupyora.fi\/pyorakorjaamo\/\"]}]},{\"@type\":\"BreadcrumbList\",\"@id\":\"https:\/\/www.kyminapupyora.fi\/pyorakorjaamo\/#breadcrumb\",\"itemListElement\":[{\"@type\":\"ListItem\",\"position\":1,\"name\":\"Etusivu\",\"item\":\"https:\/\/www.kyminapupyora.fi\/pyorakorjaamo\/\"},{\"@type\":\"ListItem\",\"position\":2,\"name\":\"Etusivu\"}]},{\"@type\":\"WebSite\",\"@id\":\"https:\/\/www.kyminapupyora.fi\/pyorakorjaamo\/#website\",\"url\":\"https:\/\/www.kyminapupyora.fi\/pyorakorjaamo\/\",\"name\":\"Kymin Apupy&ouml;r&auml;\",\"description\":\"Sit&auml; pinnalla korvaan joka vanteita v&auml;&auml;ntelee\",\"publisher\":{\"@id\":\"https:\/\/www.kyminapupyora.fi\/pyorakorjaamo\/#\/schema\/person\/6b865de3917f32f059a14ed3071522f5\"},\"potentialAction\":[{\"@type\":\"SearchAction\",\"target\":{\"@type\":\"EntryPoint\",\"urlTemplate\":\"https:\/\/www.kyminapupyora.fi\/pyorakorjaamo\/?s={search_term_string}\"},\"query-input\":\"required name=search_term_string\"}],\"inLanguage\":\"fi\"},{\"@type\":[\"Person\",\"Organization\"],\"@id\":\"https:\/\/www.kyminapupyora.fi\/pyorakorjaamo\/#\/schema\/person\/6b865de3917f32f059a14ed3071522f5\",\"name\":\"admin\",\"image\":{\"@type\":\"ImageObject\",\"inLanguage\":\"fi\",\"@id\":\"https:\/\/www.kyminapupyora.fi\/pyorakorjaamo\/#\/schema\/person\/image\/\",\"url\":\"https:\/\/www.kyminapupyora.fi\/pyorakorjaamo\/wp-content\/uploads\/2021\/05\/cropped-oranssi_perustekstit.png\",\"contentUrl\":\"https:\/\/www.kyminapupyora.fi\/pyorakorjaamo\/wp-content\/uploads\/2021\/05\/cropped-oranssi_perustekstit.png\",\"width\":1401,\"height\":523,\"caption\":\"admin\"},\"logo\":{\"@id\":\"https:\/\/www.kyminapupyora.fi\/pyorakorjaamo\/#\/schema\/person\/image\/\"},\"sameAs\":[\"http:\/\/www.kyminapupyora.fi\/pyorakorjaamo\"]}]}<\/script>\n<!-- \/ Yoast SEO plugin. -->","yoast_head_json":{"title":"Etusivu - Kymin Apupy\u00f6r\u00e4","description":"Py\u00f6r\u00e4ily on kivaa sellaisella v\u00e4lineell\u00e4 joka toimii kuten se on suunniteltukin. Py\u00f6r\u00e4\u00e4 on hyv\u00e4 huollattaa kuten muitakin menopelej\u00e4, s\u00e4\u00e4nn\u00f6llisesti. py\u00f6r\u00e4korjaamo ja py\u00f6r\u00e4huolto Kotkassa, Kymiss\u00e4 palvelee iltaisin ja viikonloppuisin.","robots":{"index":"index","follow":"follow","max-snippet":"max-snippet:-1","max-image-preview":"max-image-preview:large","max-video-preview":"max-video-preview:-1"},"canonical":"https:\/\/www.kyminapupyora.fi\/pyorakorjaamo\/","og_locale":"fi_FI","og_type":"article","og_title":"Etusivu - Kymin Apupy\u00f6r\u00e4","og_description":"Py\u00f6r\u00e4ily on kivaa sellaisella v\u00e4lineell\u00e4 joka toimii kuten se on suunniteltukin. Py\u00f6r\u00e4\u00e4 on hyv\u00e4 huollattaa kuten muitakin menopelej\u00e4, s\u00e4\u00e4nn\u00f6llisesti. py\u00f6r\u00e4korjaamo ja py\u00f6r\u00e4huolto Kotkassa, Kymiss\u00e4 palvelee iltaisin ja viikonloppuisin.","og_url":"https:\/\/www.kyminapupyora.fi\/pyorakorjaamo\/","og_site_name":"Kymin Apupy&ouml;r&auml;","article_modified_time":"2025-09-07T10:10:36+00:00","og_image":[{"width":1824,"height":675,"url":"https:\/\/www.kyminapupyora.fi\/pyorakorjaamo\/wp-content\/uploads\/2023\/02\/Kymin-Apupyora.png","type":"image\/png"}],"twitter_card":"summary_large_image","twitter_misc":{"Arvioitu lukuaika":"1 minuutti"},"schema":{"@context":"https:\/\/schema.org","@graph":[{"@type":"WebPage","@id":"https:\/\/www.kyminapupyora.fi\/pyorakorjaamo\/","url":"https:\/\/www.kyminapupyora.fi\/pyorakorjaamo\/","name":"Etusivu - Kymin Apupy\u00f6r\u00e4","isPartOf":{"@id":"https:\/\/www.kyminapupyora.fi\/pyorakorjaamo\/#website"},"datePublished":"2021-04-30T16:10:00+00:00","dateModified":"2025-09-07T10:10:36+00:00","description":"Py\u00f6r\u00e4ily on kivaa sellaisella v\u00e4lineell\u00e4 joka toimii kuten se on suunniteltukin. Py\u00f6r\u00e4\u00e4 on hyv\u00e4 huollattaa kuten muitakin menopelej\u00e4, s\u00e4\u00e4nn\u00f6llisesti. py\u00f6r\u00e4korjaamo ja py\u00f6r\u00e4huolto Kotkassa, Kymiss\u00e4 palvelee iltaisin ja viikonloppuisin.","breadcrumb":{"@id":"https:\/\/www.kyminapupyora.fi\/pyorakorjaamo\/#breadcrumb"},"inLanguage":"fi","potentialAction":[{"@type":"ReadAction","target":["https:\/\/www.kyminapupyora.fi\/pyorakorjaamo\/"]}]},{"@type":"BreadcrumbList","@id":"https:\/\/www.kyminapupyora.fi\/pyorakorjaamo\/#breadcrumb","itemListElement":[{"@type":"ListItem","position":1,"name":"Etusivu","item":"https:\/\/www.kyminapupyora.fi\/pyorakorjaamo\/"},{"@type":"ListItem","position":2,"name":"Etusivu"}]},{"@type":"WebSite","@id":"https:\/\/www.kyminapupyora.fi\/pyorakorjaamo\/#website","url":"https:\/\/www.kyminapupyora.fi\/pyorakorjaamo\/","name":"Kymin Apupy&ouml;r&auml;","description":"Sit&auml; pinnalla korvaan joka vanteita v&auml;&auml;ntelee","publisher":{"@id":"https:\/\/www.kyminapupyora.fi\/pyorakorjaamo\/#\/schema\/person\/6b865de3917f32f059a14ed3071522f5"},"potentialAction":[{"@type":"SearchAction","target":{"@type":"EntryPoint","urlTemplate":"https:\/\/www.kyminapupyora.fi\/pyorakorjaamo\/?s={search_term_string}"},"query-input":"required name=search_term_string"}],"inLanguage":"fi"},{"@type":["Person","Organization"],"@id":"https:\/\/www.kyminapupyora.fi\/pyorakorjaamo\/#\/schema\/person\/6b865de3917f32f059a14ed3071522f5","name":"admin","image":{"@type":"ImageObject","inLanguage":"fi","@id":"https:\/\/www.kyminapupyora.fi\/pyorakorjaamo\/#\/schema\/person\/image\/","url":"https:\/\/www.kyminapupyora.fi\/pyorakorjaamo\/wp-content\/uploads\/2021\/05\/cropped-oranssi_perustekstit.png","contentUrl":"https:\/\/www.kyminapupyora.fi\/pyorakorjaamo\/wp-content\/uploads\/2021\/05\/cropped-oranssi_perustekstit.png","width":1401,"height":523,"caption":"admin"},"logo":{"@id":"https:\/\/www.kyminapupyora.fi\/pyorakorjaamo\/#\/schema\/person\/image\/"},"sameAs":["http:\/\/www.kyminapupyora.fi\/pyorakorjaamo"]}]}},"amp_enabled":true,"_links":{"self":[{"href":"https:\/\/www.kyminapupyora.fi\/pyorakorjaamo\/index.php?rest_route=\/wp\/v2\/pages\/10","targetHints":{"allow":["GET"]}}],"collection":[{"href":"https:\/\/www.kyminapupyora.fi\/pyorakorjaamo\/index.php?rest_route=\/wp\/v2\/pages"}],"about":[{"href":"https:\/\/www.kyminapupyora.fi\/pyorakorjaamo\/index.php?rest_route=\/wp\/v2\/types\/page"}],"author":[{"embeddable":true,"href":"https:\/\/www.kyminapupyora.fi\/pyorakorjaamo\/index.php?rest_route=\/wp\/v2\/users\/1"}],"replies":[{"embeddable":true,"href":"https:\/\/www.kyminapupyora.fi\/pyorakorjaamo\/index.php?rest_route=%2Fwp%2Fv2%2Fcomments&post=10"}],"version-history":[{"count":20,"href":"https:\/\/www.kyminapupyora.fi\/pyorakorjaamo\/index.php?rest_route=\/wp\/v2\/pages\/10\/revisions"}],"predecessor-version":[{"id":110,"href":"https:\/\/www.kyminapupyora.fi\/pyorakorjaamo\/index.php?rest_route=\/wp\/v2\/pages\/10\/revisions\/110"}],"wp:featuredmedia":[{"embeddable":true,"href":"https:\/\/www.kyminapupyora.fi\/pyorakorjaamo\/index.php?rest_route=\/wp\/v2\/media\/85"}],"wp:attachment":[{"href":"https:\/\/www.kyminapupyora.fi\/pyorakorjaamo\/index.php?rest_route=%2Fwp%2Fv2%2Fmedia&parent=10"}],"curies":[{"name":"wp","href":"https:\/\/api.w.org\/{rel}","templated":true}]}}