{"id":30,"date":"2021-04-30T16:53:15","date_gmt":"2021-04-30T16:53:15","guid":{"rendered":"http:\/\/www.kyminapupyora.fi\/pyorakorjaamo\/?page_id=30"},"modified":"2021-04-30T17:43:35","modified_gmt":"2021-04-30T17:43:35","slug":"ota-yhteytta","status":"publish","type":"page","link":"https:\/\/www.kyminapupyora.fi\/pyorakorjaamo\/?page_id=30","title":{"rendered":"Ota yhteytt\u00e4"},"content":{"rendered":"\n<p>Parhaiten saat kiinni s\u00e4hk\u00f6postilla tai whatsappilla sill\u00e4 puheluihin en voi kovinkaan hyvin vastailla p\u00e4iv\u00e4saikaan johtuen p\u00e4\u00e4toimisesta ty\u00f6st\u00e4ni. <\/p>\n\n\n\n<p>email: huolto@kyminapupyora.fi<\/p>\n\n\n\n<p>puh 041 3147241<\/p>\n\n\n\n<p>Somemaailma on t\u00e4ll\u00e4 hetkell\u00e4 rajoittunut Facebookiin. <\/p>\n\n\n<div class=\"wp-block-coblocks-social wp-block-coblocks-social-profiles is-style-circular has-colors has-button-size-med\" ><ul><li>\n\t\t\t\t\t<a href=\"https:\/\/www.facebook.com\/kyminapupyora\" class=\"wp-block-button__link wp-block-coblocks-social__button wp-block-coblocks-social__button--facebook     has-padding\" title=\"Facebook-\" style=\"border-radius: 40px;padding:16px;\" >\n\t\t\t\t\t\t<span class=\"wp-block-coblocks-social__icon\" style=\"height:22px;width: 22px;\"><\/span>\n\t\t\t\t\t\t<span class=\"wp-block-coblocks-social__text\">Facebook-<\/span>\n\t\t\t\t\t<\/a>\n\t\t\t\t<\/li><\/ul><\/div>\n\n\n<p><\/p>\n\n\n\n<p><\/p>\n","protected":false},"excerpt":{"rendered":"<p>Parhaiten saat kiinni s\u00e4hk\u00f6postilla tai whatsappilla sill\u00e4 puheluihin en voi kovinkaan hyvin vastailla p\u00e4iv\u00e4saikaan johtuen p\u00e4\u00e4toimisesta ty\u00f6st\u00e4ni. email: huolto@kyminapupyora.fi puh 041 3147241 Somemaailma on t\u00e4ll\u00e4 hetkell\u00e4 rajoittunut Facebookiin.<\/p>\n","protected":false},"author":1,"featured_media":0,"parent":0,"menu_order":0,"comment_status":"closed","ping_status":"closed","template":"","meta":{"_coblocks_attr":"","_coblocks_dimensions":"","_coblocks_responsive_height":"","_coblocks_accordion_ie_support":"","hide_page_title":"","footnotes":""},"class_list":["post-30","page","type-page","status-publish","hentry"],"yoast_head":"<!-- This site is optimized with the Yoast SEO plugin v19.14 - https:\/\/yoast.com\/wordpress\/plugins\/seo\/ -->\n<title>Ota yhteytt\u00e4 - Kymin Apupy&ouml;r&auml;<\/title>\n<meta name=\"robots\" content=\"index, follow, max-snippet:-1, max-image-preview:large, max-video-preview:-1\" \/>\n<link rel=\"canonical\" href=\"https:\/\/www.kyminapupyora.fi\/pyorakorjaamo\/?page_id=30\" \/>\n<meta property=\"og:locale\" content=\"fi_FI\" \/>\n<meta property=\"og:type\" content=\"article\" \/>\n<meta property=\"og:title\" content=\"Ota yhteytt\u00e4 - Kymin Apupy&ouml;r&auml;\" \/>\n<meta property=\"og:description\" content=\"Parhaiten saat kiinni s\u00e4hk\u00f6postilla tai whatsappilla sill\u00e4 puheluihin en voi kovinkaan hyvin vastailla p\u00e4iv\u00e4saikaan johtuen p\u00e4\u00e4toimisesta ty\u00f6st\u00e4ni. email: huolto@kyminapupyora.fi puh 041 3147241 Somemaailma on t\u00e4ll\u00e4 hetkell\u00e4 rajoittunut Facebookiin.\" \/>\n<meta property=\"og:url\" content=\"https:\/\/www.kyminapupyora.fi\/pyorakorjaamo\/?page_id=30\" \/>\n<meta property=\"og:site_name\" content=\"Kymin Apupy&ouml;r&auml;\" \/>\n<meta property=\"article:modified_time\" content=\"2021-04-30T17:43:35+00:00\" \/>\n<meta name=\"twitter:card\" content=\"summary_large_image\" \/>\n<script type=\"application\/ld+json\" class=\"yoast-schema-graph\">{\"@context\":\"https:\/\/schema.org\",\"@graph\":[{\"@type\":\"WebPage\",\"@id\":\"https:\/\/www.kyminapupyora.fi\/pyorakorjaamo\/?page_id=30\",\"url\":\"https:\/\/www.kyminapupyora.fi\/pyorakorjaamo\/?page_id=30\",\"name\":\"Ota yhteytt\u00e4 - Kymin Apupy&ouml;r&auml;\",\"isPartOf\":{\"@id\":\"https:\/\/www.kyminapupyora.fi\/pyorakorjaamo\/#website\"},\"datePublished\":\"2021-04-30T16:53:15+00:00\",\"dateModified\":\"2021-04-30T17:43:35+00:00\",\"breadcrumb\":{\"@id\":\"https:\/\/www.kyminapupyora.fi\/pyorakorjaamo\/?page_id=30#breadcrumb\"},\"inLanguage\":\"fi\",\"potentialAction\":[{\"@type\":\"ReadAction\",\"target\":[\"https:\/\/www.kyminapupyora.fi\/pyorakorjaamo\/?page_id=30\"]}]},{\"@type\":\"BreadcrumbList\",\"@id\":\"https:\/\/www.kyminapupyora.fi\/pyorakorjaamo\/?page_id=30#breadcrumb\",\"itemListElement\":[{\"@type\":\"ListItem\",\"position\":1,\"name\":\"Etusivu\",\"item\":\"https:\/\/www.kyminapupyora.fi\/pyorakorjaamo\/\"},{\"@type\":\"ListItem\",\"position\":2,\"name\":\"Ota yhteytt\u00e4\"}]},{\"@type\":\"WebSite\",\"@id\":\"https:\/\/www.kyminapupyora.fi\/pyorakorjaamo\/#website\",\"url\":\"https:\/\/www.kyminapupyora.fi\/pyorakorjaamo\/\",\"name\":\"Kymin Apupy&ouml;r&auml;\",\"description\":\"Sit&auml; pinnalla korvaan joka vanteita v&auml;&auml;ntelee\",\"publisher\":{\"@id\":\"https:\/\/www.kyminapupyora.fi\/pyorakorjaamo\/#\/schema\/person\/6b865de3917f32f059a14ed3071522f5\"},\"potentialAction\":[{\"@type\":\"SearchAction\",\"target\":{\"@type\":\"EntryPoint\",\"urlTemplate\":\"https:\/\/www.kyminapupyora.fi\/pyorakorjaamo\/?s={search_term_string}\"},\"query-input\":\"required name=search_term_string\"}],\"inLanguage\":\"fi\"},{\"@type\":[\"Person\",\"Organization\"],\"@id\":\"https:\/\/www.kyminapupyora.fi\/pyorakorjaamo\/#\/schema\/person\/6b865de3917f32f059a14ed3071522f5\",\"name\":\"admin\",\"image\":{\"@type\":\"ImageObject\",\"inLanguage\":\"fi\",\"@id\":\"https:\/\/www.kyminapupyora.fi\/pyorakorjaamo\/#\/schema\/person\/image\/\",\"url\":\"https:\/\/www.kyminapupyora.fi\/pyorakorjaamo\/wp-content\/uploads\/2021\/05\/cropped-oranssi_perustekstit.png\",\"contentUrl\":\"https:\/\/www.kyminapupyora.fi\/pyorakorjaamo\/wp-content\/uploads\/2021\/05\/cropped-oranssi_perustekstit.png\",\"width\":1401,\"height\":523,\"caption\":\"admin\"},\"logo\":{\"@id\":\"https:\/\/www.kyminapupyora.fi\/pyorakorjaamo\/#\/schema\/person\/image\/\"},\"sameAs\":[\"http:\/\/www.kyminapupyora.fi\/pyorakorjaamo\"]}]}<\/script>\n<!-- \/ Yoast SEO plugin. -->","yoast_head_json":{"title":"Ota yhteytt\u00e4 - Kymin Apupy&ouml;r&auml;","robots":{"index":"index","follow":"follow","max-snippet":"max-snippet:-1","max-image-preview":"max-image-preview:large","max-video-preview":"max-video-preview:-1"},"canonical":"https:\/\/www.kyminapupyora.fi\/pyorakorjaamo\/?page_id=30","og_locale":"fi_FI","og_type":"article","og_title":"Ota yhteytt\u00e4 - Kymin Apupy&ouml;r&auml;","og_description":"Parhaiten saat kiinni s\u00e4hk\u00f6postilla tai whatsappilla sill\u00e4 puheluihin en voi kovinkaan hyvin vastailla p\u00e4iv\u00e4saikaan johtuen p\u00e4\u00e4toimisesta ty\u00f6st\u00e4ni. email: huolto@kyminapupyora.fi puh 041 3147241 Somemaailma on t\u00e4ll\u00e4 hetkell\u00e4 rajoittunut Facebookiin.","og_url":"https:\/\/www.kyminapupyora.fi\/pyorakorjaamo\/?page_id=30","og_site_name":"Kymin Apupy&ouml;r&auml;","article_modified_time":"2021-04-30T17:43:35+00:00","twitter_card":"summary_large_image","schema":{"@context":"https:\/\/schema.org","@graph":[{"@type":"WebPage","@id":"https:\/\/www.kyminapupyora.fi\/pyorakorjaamo\/?page_id=30","url":"https:\/\/www.kyminapupyora.fi\/pyorakorjaamo\/?page_id=30","name":"Ota yhteytt\u00e4 - Kymin Apupy&ouml;r&auml;","isPartOf":{"@id":"https:\/\/www.kyminapupyora.fi\/pyorakorjaamo\/#website"},"datePublished":"2021-04-30T16:53:15+00:00","dateModified":"2021-04-30T17:43:35+00:00","breadcrumb":{"@id":"https:\/\/www.kyminapupyora.fi\/pyorakorjaamo\/?page_id=30#breadcrumb"},"inLanguage":"fi","potentialAction":[{"@type":"ReadAction","target":["https:\/\/www.kyminapupyora.fi\/pyorakorjaamo\/?page_id=30"]}]},{"@type":"BreadcrumbList","@id":"https:\/\/www.kyminapupyora.fi\/pyorakorjaamo\/?page_id=30#breadcrumb","itemListElement":[{"@type":"ListItem","position":1,"name":"Etusivu","item":"https:\/\/www.kyminapupyora.fi\/pyorakorjaamo\/"},{"@type":"ListItem","position":2,"name":"Ota yhteytt\u00e4"}]},{"@type":"WebSite","@id":"https:\/\/www.kyminapupyora.fi\/pyorakorjaamo\/#website","url":"https:\/\/www.kyminapupyora.fi\/pyorakorjaamo\/","name":"Kymin Apupy&ouml;r&auml;","description":"Sit&auml; pinnalla korvaan joka vanteita v&auml;&auml;ntelee","publisher":{"@id":"https:\/\/www.kyminapupyora.fi\/pyorakorjaamo\/#\/schema\/person\/6b865de3917f32f059a14ed3071522f5"},"potentialAction":[{"@type":"SearchAction","target":{"@type":"EntryPoint","urlTemplate":"https:\/\/www.kyminapupyora.fi\/pyorakorjaamo\/?s={search_term_string}"},"query-input":"required name=search_term_string"}],"inLanguage":"fi"},{"@type":["Person","Organization"],"@id":"https:\/\/www.kyminapupyora.fi\/pyorakorjaamo\/#\/schema\/person\/6b865de3917f32f059a14ed3071522f5","name":"admin","image":{"@type":"ImageObject","inLanguage":"fi","@id":"https:\/\/www.kyminapupyora.fi\/pyorakorjaamo\/#\/schema\/person\/image\/","url":"https:\/\/www.kyminapupyora.fi\/pyorakorjaamo\/wp-content\/uploads\/2021\/05\/cropped-oranssi_perustekstit.png","contentUrl":"https:\/\/www.kyminapupyora.fi\/pyorakorjaamo\/wp-content\/uploads\/2021\/05\/cropped-oranssi_perustekstit.png","width":1401,"height":523,"caption":"admin"},"logo":{"@id":"https:\/\/www.kyminapupyora.fi\/pyorakorjaamo\/#\/schema\/person\/image\/"},"sameAs":["http:\/\/www.kyminapupyora.fi\/pyorakorjaamo"]}]}},"amp_enabled":true,"_links":{"self":[{"href":"https:\/\/www.kyminapupyora.fi\/pyorakorjaamo\/index.php?rest_route=\/wp\/v2\/pages\/30","targetHints":{"allow":["GET"]}}],"collection":[{"href":"https:\/\/www.kyminapupyora.fi\/pyorakorjaamo\/index.php?rest_route=\/wp\/v2\/pages"}],"about":[{"href":"https:\/\/www.kyminapupyora.fi\/pyorakorjaamo\/index.php?rest_route=\/wp\/v2\/types\/page"}],"author":[{"embeddable":true,"href":"https:\/\/www.kyminapupyora.fi\/pyorakorjaamo\/index.php?rest_route=\/wp\/v2\/users\/1"}],"replies":[{"embeddable":true,"href":"https:\/\/www.kyminapupyora.fi\/pyorakorjaamo\/index.php?rest_route=%2Fwp%2Fv2%2Fcomments&post=30"}],"version-history":[{"count":3,"href":"https:\/\/www.kyminapupyora.fi\/pyorakorjaamo\/index.php?rest_route=\/wp\/v2\/pages\/30\/revisions"}],"predecessor-version":[{"id":43,"href":"https:\/\/www.kyminapupyora.fi\/pyorakorjaamo\/index.php?rest_route=\/wp\/v2\/pages\/30\/revisions\/43"}],"wp:attachment":[{"href":"https:\/\/www.kyminapupyora.fi\/pyorakorjaamo\/index.php?rest_route=%2Fwp%2Fv2%2Fmedia&parent=30"}],"curies":[{"name":"wp","href":"https:\/\/api.w.org\/{rel}","templated":true}]}}